{"id":8,"date":"2013-08-12T09:47:55","date_gmt":"2013-08-12T07:47:55","guid":{"rendered":"http:\/\/www.acapiano.de\/ac\/?page_id=8"},"modified":"2019-11-02T09:19:12","modified_gmt":"2019-11-02T07:19:12","slug":"historie","status":"publish","type":"page","link":"http:\/\/www.acapiano.de\/ac\/?page_id=8","title":{"rendered":"Historie"},"content":{"rendered":"\n<p>Im Jahre 1979 aus den Reihen des \u00f6rtlichen M\u00e4nnergesangvereins entsprungen, pr\u00e4sentiert sich die Formation unter dem Namen <span id=\"acap\">acapiano<\/span> einer breiten \u00d6ffentlichkeit und entf\u00fchrt das Publikum dabei gerne in die Schlagerwelt der 20er und 30er Jahre.<\/p>\n\n\n\n<p>Das Gesangensemble <span id=\"acap\">acapiano<\/span> aus B\u00fctthard (Lkr. W\u00fcrzburg) tut dies unter anderem mit dem Liedgut der unvergessenen<br>\u201eComedian Harmonists\u201c die bis heute nichts von ihrem Zauber und ihrer Anziehungskraft verloren haben.<\/p>\n\n\n\n<p>Eine nicht allt\u00e4gliche Stimmung erzeugen, gepaart mit sympathischem und witzigem Auftreten, das ist das stets erkl\u00e4rte Ziel der a-capella-Formation. Charmant, augenzwinkernd hauchen die M\u00e4nner um ihren Pianisten die frechfrivolen, hintersinnigen Texte den Zuh\u00f6rern entgegen.<\/p>\n\n\n\n<p>Hier agieren motivierte S\u00e4nger &#8211; vom Bass bis Tenor &#8211; lustvoll am Werk. Chorgesang und Solostimmen vereinen sich mit Ulk, Parodie und Selbstironie zu einer vergn\u00fcglichen Rezeptur gegen Tr\u00fcbsinn, Schwermut und Frust.<span id=\"bottomnavi\"><br><\/span><\/p>\n","protected":false},"excerpt":{"rendered":"<p>Im Jahre 1979 aus den Reihen des \u00f6rtlichen M\u00e4nnergesangvereins entsprungen, pr\u00e4sentiert sich die Formation unter dem Namen acapiano einer breiten \u00d6ffentlichkeit und [&hellip;]<\/p>\n","protected":false},"author":1,"featured_media":0,"parent":0,"menu_order":0,"comment_status":"closed","ping_status":"closed","template":"","meta":[],"_links":{"self":[{"href":"http:\/\/www.acapiano.de\/ac\/index.php?rest_route=\/wp\/v2\/pages\/8"}],"collection":[{"href":"http:\/\/www.acapiano.de\/ac\/index.php?rest_route=\/wp\/v2\/pages"}],"about":[{"href":"http:\/\/www.acapiano.de\/ac\/index.php?rest_route=\/wp\/v2\/types\/page"}],"author":[{"embeddable":true,"href":"http:\/\/www.acapiano.de\/ac\/index.php?rest_route=\/wp\/v2\/users\/1"}],"replies":[{"embeddable":true,"href":"http:\/\/www.acapiano.de\/ac\/index.php?rest_route=%2Fwp%2Fv2%2Fcomments&post=8"}],"version-history":[{"count":5,"href":"http:\/\/www.acapiano.de\/ac\/index.php?rest_route=\/wp\/v2\/pages\/8\/revisions"}],"predecessor-version":[{"id":279,"href":"http:\/\/www.acapiano.de\/ac\/index.php?rest_route=\/wp\/v2\/pages\/8\/revisions\/279"}],"wp:attachment":[{"href":"http:\/\/www.acapiano.de\/ac\/index.php?rest_route=%2Fwp%2Fv2%2Fmedia&parent=8"}],"curies":[{"name":"wp","href":"https:\/\/api.w.org\/{rel}","templated":true}]}}