{"id":41,"date":"2013-08-12T11:50:45","date_gmt":"2013-08-12T09:50:45","guid":{"rendered":"http:\/\/www.acapiano.de\/ac\/?page_id=41"},"modified":"2019-11-02T09:17:06","modified_gmt":"2019-11-02T07:17:06","slug":"herzlich-willkommen","status":"publish","type":"page","link":"http:\/\/www.acapiano.de\/ac\/","title":{"rendered":"Herzlich Willkommen!"},"content":{"rendered":"\n<p>Liebe Besucher,<br>Ganz neu haben wir in der <a rel=\"noreferrer noopener\" aria-label=\"Galerie (\u00f6ffnet in neuem Tab)\" href=\"http:\/\/www.acapiano.de\/ac\/?page_id=22\" target=\"_blank\">Galerie<\/a> f\u00fcr Sie einige Fotos von Auftritten, Ausfl\u00fcgen und \u00e4lteren Besetzungen von <span id=\"acap\">acapiano<\/span> zusammengestellt.<br>Auf den folgenden Seiten m\u00f6chten wir Sie \u00fcber anstehende <a href=\"http:\/\/www.acapiano.de\/ac\/?page_id=19\">Konzerttermine<\/a> informieren, das <a title=\"Ensemble\" href=\"http:\/\/www.acapiano.de\/ac\/?page_id=4\">Ensemble<\/a> vorstellen und Ihnen die <a title=\"Historie\" href=\"http:\/\/www.acapiano.de\/ac\/?page_id=8\">Entstehungsgeschichte <\/a>des selben pr\u00e4sentieren. Ausserdem geben wir Ihnen einen \u00dcberblick \u00fcber das <a title=\"Repertoire\" href=\"http:\/\/www.acapiano.de\/ac\/?page_id=12\">Rep<\/a><a href=\"http:\/\/www.acapiano.de\/ac\/?page_id=16\">ertoire<\/a><a title=\"Repertoire\" href=\"http:\/\/www.acapiano.de\/ac\/?page_id=12\"> <\/a>von <span id=\"acap\">acapiano<\/span>.<br>Unter <a title=\"Kontakt\" href=\"http:\/\/www.acapiano.de\/ac\/?page_id=28\">Kontakt<\/a> finden Sie Ansprechpartner, und unter <a title=\"Links\" href=\"http:\/\/www.acapiano.de\/ac\/?page_id=31\">Links<\/a> verweisen wir auf andere Homepages befreundeter Bekannter.<br>Und zu guter Letzt freuen wir uns darauf, wenn sie sich uns \u00fcber das <a href=\"http:\/\/www.acapiano.de\/ac\/?page_id=257\">G\u00e4stebuch <\/a>mitteilen!<br>Wir w\u00fcnschen viel Vergn\u00fcgen<\/p>\n\n\n\n<p class=\"has-medium-font-size\">Ihr <span id=\"acap\">acapiano<\/span><\/p>\n","protected":false},"excerpt":{"rendered":"<p>Liebe Besucher,Ganz neu haben wir in der Galerie f\u00fcr Sie einige Fotos von Auftritten, Ausfl\u00fcgen und \u00e4lteren Besetzungen von acapiano zusammengestellt.Auf den [&hellip;]<\/p>\n","protected":false},"author":1,"featured_media":0,"parent":0,"menu_order":0,"comment_status":"closed","ping_status":"closed","template":"","meta":[],"_links":{"self":[{"href":"http:\/\/www.acapiano.de\/ac\/index.php?rest_route=\/wp\/v2\/pages\/41"}],"collection":[{"href":"http:\/\/www.acapiano.de\/ac\/index.php?rest_route=\/wp\/v2\/pages"}],"about":[{"href":"http:\/\/www.acapiano.de\/ac\/index.php?rest_route=\/wp\/v2\/types\/page"}],"author":[{"embeddable":true,"href":"http:\/\/www.acapiano.de\/ac\/index.php?rest_route=\/wp\/v2\/users\/1"}],"replies":[{"embeddable":true,"href":"http:\/\/www.acapiano.de\/ac\/index.php?rest_route=%2Fwp%2Fv2%2Fcomments&post=41"}],"version-history":[{"count":5,"href":"http:\/\/www.acapiano.de\/ac\/index.php?rest_route=\/wp\/v2\/pages\/41\/revisions"}],"predecessor-version":[{"id":278,"href":"http:\/\/www.acapiano.de\/ac\/index.php?rest_route=\/wp\/v2\/pages\/41\/revisions\/278"}],"wp:attachment":[{"href":"http:\/\/www.acapiano.de\/ac\/index.php?rest_route=%2Fwp%2Fv2%2Fmedia&parent=41"}],"curies":[{"name":"wp","href":"https:\/\/api.w.org\/{rel}","templated":true}]}}