{"id":31,"date":"2013-08-12T11:44:07","date_gmt":"2013-08-12T09:44:07","guid":{"rendered":"http:\/\/www.acapiano.de\/ac\/?page_id=31"},"modified":"2019-11-02T09:20:41","modified_gmt":"2019-11-02T07:20:41","slug":"links","status":"publish","type":"page","link":"http:\/\/www.acapiano.de\/ac\/?page_id=31","title":{"rendered":"Links"},"content":{"rendered":"<div id=\"outsidelink\"><span id=\"gelinkter\">Kulturverein Giebelstadt<\/span><br \/>\n<a href=\"http:\/\/www.kulturverein-giebelstadt.de\" target=\"_blank\" rel=\"noopener noreferrer\">www.kulturverein-giebelstadt.de<\/a><br \/>\n(Ein toller Verein, f\u00fcr den wir gerne singen)<\/div>\n<div id=\"outsidelink\"><span id=\"gelinkter\">In Riot<\/span><span id=\"gelinkter\">Rainer Weisbecker<\/span><\/div>\n<div><a href=\"http:\/\/www.mundartprojekte.de\" target=\"_blank\" rel=\"noopener noreferrer\">www.mundartprojekte.de<\/a><br \/>\n(Frankfurter Mundartdichter und Liedermacher)<span id=\"gelinkter\"><\/span><\/div>\n<div><\/div>\n<div id=\"outsidelink\"><span id=\"gelinkter\">Ferdinand Joesten<\/span><br \/>\n<a href=\"http:\/\/www.catwalk-foto.de\" target=\"_blank\" rel=\"noopener noreferrer\">www.catwalk-foto.de<\/a><br \/>\n(Tolle Fotos)<\/div>\n<div id=\"outsidelink\"><span id=\"gelinkter\">Wuerzburger-Musikerstammtisch<\/span><br \/>\n<a href=\"http:\/\/www.wuerzburger-musikerstammtisch.de\" target=\"_blank\" rel=\"noopener noreferrer\">www.wuerzburger-musikerstammtisch.de<\/a><br \/>\n(Wie der Name schon sagt\u2026)<\/div>\n<div id=\"outsidelink\"><span id=\"gelinkter\">SC-Buetthard<\/span><br \/>\n<a href=\"http:\/\/www.sc-buetthard.de\" target=\"_blank\" rel=\"noopener noreferrer\">www.sc-buetthard.de<\/a><br \/>\n(Skiclub B\u00fctthard)<\/div>\n<div id=\"outsidelink\"><span id=\"gelinkter\">Hermann Hehn<\/span><br \/>\n<a href=\"http:\/\/www.hermann-hehn.de\" target=\"_blank\" rel=\"noopener noreferrer\">www.hermann-hehn.de<\/a><br \/>\n(Fr\u00e4nkischer Gedichtlesschreiber)<\/div>\n<p><span id=\"linkhaftung\"><br \/>\nHinweis:<br \/>\nDas Landgericht Hamburg hat mit Urteil vom 12.05.1998 entschieden, dass man durch die Anbringung eines Links die Inhalte der gelinkten Seite ggf. mit zu verantworten hat. Dies kann \u2013 so das LG \u2013 nur dadurch verhindert werden, dass man sich ausdr\u00fccklich von diesen Inhalten distanziert. Wir haben auf unserer Website Links zu anderen Seiten im Internet gelegt und f\u00fcr all diese Links gilt: Wir m\u00f6chten ausdr\u00fccklich betonen, dass wir keinerlei Einfluss auf die Gestaltung und die Inhalte der gelinkten Seiten haben. Deshalb distanzieren wir uns hiermit ausdr\u00fccklich von allen Inhalten aller gelinkten Seiten auf unserer, dieser gesamten Website inkl. aller Unterseiten. Diese Erkl\u00e4rung gilt f\u00fcr alle auf unserer Website angebrachten Links und f\u00fcr alle Inhalte der Seiten, zu denen Links f\u00fchren.<br \/>\n<\/span><\/p>\n<p><span id=\"bottomnavi\">\u00a0<\/span><\/p>\n","protected":false},"excerpt":{"rendered":"<p>Kulturverein Giebelstadt www.kulturverein-giebelstadt.de (Ein toller Verein, f\u00fcr den wir gerne singen) In RiotRainer Weisbecker www.mundartprojekte.de (Frankfurter Mundartdichter und Liedermacher) Ferdinand Joesten www.catwalk-foto.de [&hellip;]<\/p>\n","protected":false},"author":1,"featured_media":0,"parent":0,"menu_order":0,"comment_status":"closed","ping_status":"closed","template":"","meta":[],"_links":{"self":[{"href":"http:\/\/www.acapiano.de\/ac\/index.php?rest_route=\/wp\/v2\/pages\/31"}],"collection":[{"href":"http:\/\/www.acapiano.de\/ac\/index.php?rest_route=\/wp\/v2\/pages"}],"about":[{"href":"http:\/\/www.acapiano.de\/ac\/index.php?rest_route=\/wp\/v2\/types\/page"}],"author":[{"embeddable":true,"href":"http:\/\/www.acapiano.de\/ac\/index.php?rest_route=\/wp\/v2\/users\/1"}],"replies":[{"embeddable":true,"href":"http:\/\/www.acapiano.de\/ac\/index.php?rest_route=%2Fwp%2Fv2%2Fcomments&post=31"}],"version-history":[{"count":5,"href":"http:\/\/www.acapiano.de\/ac\/index.php?rest_route=\/wp\/v2\/pages\/31\/revisions"}],"predecessor-version":[{"id":281,"href":"http:\/\/www.acapiano.de\/ac\/index.php?rest_route=\/wp\/v2\/pages\/31\/revisions\/281"}],"wp:attachment":[{"href":"http:\/\/www.acapiano.de\/ac\/index.php?rest_route=%2Fwp%2Fv2%2Fmedia&parent=31"}],"curies":[{"name":"wp","href":"https:\/\/api.w.org\/{rel}","templated":true}]}}