{"id":257,"date":"2019-11-02T09:07:56","date_gmt":"2019-11-02T07:07:56","guid":{"rendered":"http:\/\/www.acapiano.de\/ac\/?page_id=257"},"modified":"2019-12-07T15:10:56","modified_gmt":"2019-12-07T13:10:56","slug":"gaestebuch","status":"publish","type":"page","link":"http:\/\/www.acapiano.de\/ac\/?page_id=257","title":{"rendered":"G\u00e4stebuch"},"content":{"rendered":"\n<p>Aus technischen Gr\u00fcnden ist das G\u00e4stebuch gerade leider nicht erreichbar. Wir arbeiten aber fieberhaft an einer L\u00f6sung.<\/p>\n","protected":false},"excerpt":{"rendered":"<p>Aus technischen Gr\u00fcnden ist das G\u00e4stebuch gerade leider nicht erreichbar. Wir arbeiten aber fieberhaft an einer L\u00f6sung.<\/p>\n","protected":false},"author":2,"featured_media":0,"parent":0,"menu_order":0,"comment_status":"closed","ping_status":"closed","template":"","meta":[],"_links":{"self":[{"href":"http:\/\/www.acapiano.de\/ac\/index.php?rest_route=\/wp\/v2\/pages\/257"}],"collection":[{"href":"http:\/\/www.acapiano.de\/ac\/index.php?rest_route=\/wp\/v2\/pages"}],"about":[{"href":"http:\/\/www.acapiano.de\/ac\/index.php?rest_route=\/wp\/v2\/types\/page"}],"author":[{"embeddable":true,"href":"http:\/\/www.acapiano.de\/ac\/index.php?rest_route=\/wp\/v2\/users\/2"}],"replies":[{"embeddable":true,"href":"http:\/\/www.acapiano.de\/ac\/index.php?rest_route=%2Fwp%2Fv2%2Fcomments&post=257"}],"version-history":[{"count":8,"href":"http:\/\/www.acapiano.de\/ac\/index.php?rest_route=\/wp\/v2\/pages\/257\/revisions"}],"predecessor-version":[{"id":296,"href":"http:\/\/www.acapiano.de\/ac\/index.php?rest_route=\/wp\/v2\/pages\/257\/revisions\/296"}],"wp:attachment":[{"href":"http:\/\/www.acapiano.de\/ac\/index.php?rest_route=%2Fwp%2Fv2%2Fmedia&parent=257"}],"curies":[{"name":"wp","href":"https:\/\/api.w.org\/{rel}","templated":true}]}}