{"id":16,"date":"2013-08-12T11:01:23","date_gmt":"2013-08-12T09:01:23","guid":{"rendered":"http:\/\/www.acapiano.de\/ac\/?page_id=16"},"modified":"2019-11-04T18:16:25","modified_gmt":"2019-11-04T16:16:25","slug":"gesamtes-repertoire","status":"publish","type":"page","link":"http:\/\/www.acapiano.de\/ac\/?page_id=16","title":{"rendered":"Gesamtes Repertoire"},"content":{"rendered":"<p>Unser gesamtes Repertoire:<\/p>\n<ol type=\"square\">\n<li>Ach, bitte lass mich dein Badewasser schl\u00fcrfen (C.H.)<\/li>\n<li>Ach Fr\u00e4ulein w\u00fcrden Sie mit mir in meinem Wohnwagen wohnen wollen (Vielharmoniker)<\/li>\n<li>Am besten k\u00fcsst der Mann am Klavier (Melody Melons)<\/li>\n<li>Armer Vampir (Vielharmoniker)<\/li>\n<li>Aus der Traube in die Tonne (Weinlied)<\/li>\n<li>Ave Maria no morro (Herivelto Martins; Deutscher Text: Ralph M.Siegel)<\/li>\n<li>Bratislava Lover (Basta)<\/li>\n<li>Ave verum (W.A. Mozart)<\/li>\n<li>California dreamin (Mamas &amp; Papas)<\/li>\n<li>Creole love call (C.H.)<\/li>\n<li>Danke sch\u00f6n und auf Wiedersehn<\/li>\n<li>Das ist die Liebe der Matrosen (C.H.)<\/li>\n<li>Der alte Cowboy (C.H.)<\/li>\n<li>Die Comedian Harmonists (wise guys)<\/li>\n<li>Die kleine Kneipe (Peter Alexander)<\/li>\n<li>Die Untreue (C.H.)<\/li>\n<li>Du hast Gl\u00fcck bei den Frau\u2019n, Belami (Willi Parten)<\/li>\n<li>Eine kleine Fr\u00fchlingsweise (C.H.)<\/li>\n<li>Ein Freund, ein guter Freund (C.H.)<\/li>\n<li>Ein spanischer Tango (Vielharmoniker)<\/li>\n<li>Fr\u00e4ulein pardon (Vielharmoniker)<\/li>\n<li>Gib mir den letzten Abschiedskuss (C.H.)<\/li>\n<li>Go tell, it on the Mountain (Gospel)<\/li>\n<li>Guter Mond du gehst so stille (C.H.)<\/li>\n<li>Hey Schatz (Waschkraft\/D\u00fcsseldorf)<\/li>\n<li>Horch, der erste Laut (Walzer in As Dur von Joh. Brahms)<\/li>\n<li>Herrliches Weinland (Weinlied)<\/li>\n<li>Ich hab\u2019 das Fr\u00e4ul\u2019n Helen baden seh\u2019n (Willi Parten)<\/li>\n<li>Ich k\u00fcsse Ihre Hand Madam (Willi Parten)<\/li>\n<li>Ich wollt ich w\u00e4r ein Huhn (C.H.)<\/li>\n<li>Ich wei\u00df ein Fass, in einem tiefen Keller (Weinlied)<\/li>\n<li>If i had a hammer\/By, by love (Medley; Trini Lopez\/Simon and Garfunkel)<\/li>\n<li>In der Bar zum Krokodil (C.H.)<\/li>\n<li>Intro (wise guys)<\/li>\n<li>Ja italienisch klingt so wunderbar (Vielharmoniker)<\/li>\n<li>Ja, ja der Chiantiwein<\/li>\n<li>Jedermann, klein und gro\u00df (Vielharmoniker)<\/li>\n<li>La Montanara (Original Trientiner Bergsteigerchor)<\/li>\n<li>Lebe wohl, gute Reise (C.H.)<\/li>\n<li>M\u00e4nner (H.Gr\u00f6nemeyer\/Blackfoess)<\/li>\n<li>Maskenball im G\u00e4nsestall (C.H.)<\/li>\n<li>Mein kleiner gr\u00fcner Kaktus (C.H.)<\/li>\n<li>Monday, Monday (Mamas &amp; Papas)<\/li>\n<li>My Lord, what a morning (Otto Groll)<\/li>\n<li>Nur f\u00fcr dich (Wise Guys)<\/li>\n<li>My fair Lady: (Frederick L\u00f6we\/Robert Gilbert)<\/li>\n<li>Nur f\u00fcr dich (wise guys)<\/li>\n<li>Ich h\u00e4tt getanzt heut Nacht<\/li>\n<li>W\u00e4re das nicht wundersch\u00f6n<\/li>\n<li>Mit ne\u2019m kleinen St\u00fcckchen Gl\u00fcck<\/li>\n<li>Es gr\u00fcnt so gr\u00fcn, wenn Spaniens Bl\u00fcten bl\u00fchen<\/li>\n<li>Ascot Gavotte<\/li>\n<li>In der Stra\u00dfe wohnst du<\/li>\n<\/ol>\n<ul>\n<li>Nobody knows, the trouble I\u2019 ve seen (Gospel)<\/li>\n<li>Oh Donna Clara (Willi Parten)<\/li>\n<li>Oh happy day (Edwin Hawkin Singers)<\/li>\n<li>Oh mein Papa (Paul Burkard\/Emil H\u00e4ndel)<\/li>\n<li>Rot ist der Wein (Bert Kaempfert; Al Martino\/Ivo Robic)<\/li>\n<li>Scarborough fair (Simon and Garfunkel)<\/li>\n<li>Sch\u00f6ne Isabella von Castilien (C.H.)<\/li>\n<li>Swing low, sweet chariot (Gospel)<\/li>\n<li>Veronika der Lenz ist da (C.H.)<\/li>\n<li>Was macht der Herr da bei Fr\u00e4ulein Gerda (Vielharmoniker)<\/li>\n<li>Wenn die Sonja russisch tanzt (C.H.)<\/li>\n<li>Wie die Weiber<\/li>\n<li>Wir sind von Kopf bis Fu\u00df auf Liebe eingestellt (Nikolaus Hehn)<\/li>\n<li>Wochenend und Sonnenschein (C.H.)<\/li>\n<\/ul>\n<p><span id=\"bottomnavi\"><\/p>\n<p><\/span><\/p>\n","protected":false},"excerpt":{"rendered":"<p>Unser gesamtes Repertoire: Ach, bitte lass mich dein Badewasser schl\u00fcrfen (C.H.) Ach Fr\u00e4ulein w\u00fcrden Sie mit mir in meinem Wohnwagen wohnen wollen [&hellip;]<\/p>\n","protected":false},"author":1,"featured_media":0,"parent":0,"menu_order":0,"comment_status":"closed","ping_status":"closed","template":"","meta":[],"_links":{"self":[{"href":"http:\/\/www.acapiano.de\/ac\/index.php?rest_route=\/wp\/v2\/pages\/16"}],"collection":[{"href":"http:\/\/www.acapiano.de\/ac\/index.php?rest_route=\/wp\/v2\/pages"}],"about":[{"href":"http:\/\/www.acapiano.de\/ac\/index.php?rest_route=\/wp\/v2\/types\/page"}],"author":[{"embeddable":true,"href":"http:\/\/www.acapiano.de\/ac\/index.php?rest_route=\/wp\/v2\/users\/1"}],"replies":[{"embeddable":true,"href":"http:\/\/www.acapiano.de\/ac\/index.php?rest_route=%2Fwp%2Fv2%2Fcomments&post=16"}],"version-history":[{"count":4,"href":"http:\/\/www.acapiano.de\/ac\/index.php?rest_route=\/wp\/v2\/pages\/16\/revisions"}],"predecessor-version":[{"id":287,"href":"http:\/\/www.acapiano.de\/ac\/index.php?rest_route=\/wp\/v2\/pages\/16\/revisions\/287"}],"wp:attachment":[{"href":"http:\/\/www.acapiano.de\/ac\/index.php?rest_route=%2Fwp%2Fv2%2Fmedia&parent=16"}],"curies":[{"name":"wp","href":"https:\/\/api.w.org\/{rel}","templated":true}]}}