{"id":12,"date":"2013-08-12T10:56:22","date_gmt":"2013-08-12T08:56:22","guid":{"rendered":"http:\/\/www.acapiano.de\/ac\/?page_id=12"},"modified":"2019-11-04T18:16:04","modified_gmt":"2019-11-04T16:16:04","slug":"repertoire","status":"publish","type":"page","link":"http:\/\/www.acapiano.de\/ac\/?page_id=12","title":{"rendered":"Repertoire"},"content":{"rendered":"<p>Unser aktuelles Repertoire:<\/p>\n<ol type=\"square\">\n<li>Ach, bitte la\u00df mich dein Badewasser schl\u00fcrfen (C.H.)<\/li>\n<li>Ach Fr\u00e4ulein w\u00fcrden Sie mit mir in meinem Wohnwagen wohnen wollen (Vielharmoniker)<\/li>\n<li>Am besten k\u00fcsst der Mann am Klavier (Melody Melons)<\/li>\n<li>Armer Vampir (Vielharmoniker)<\/li>\n<li>Ave Maria no morro (Herivelto Martins; Deutscher Text: Ralph M.Siegel)<\/li>\n<li>Bratislava Lover (Basta)<\/li>\n<li>California dreamin (Mamas &amp; Papas)<\/li>\n<li>Creole love call (C.H.)<\/li>\n<li>Das ist die Liebe der Matrosen (C.H.)<\/li>\n<li>Der alte Cowboy (C.H.)<\/li>\n<li>Die Comedian Harmonists (wise guys)<\/li>\n<li>Die Untreue (C.H.)<\/li>\n<li>Du hast Gl\u00fcck bei den Frau\u2019n, Belami (Willi Parten)<\/li>\n<li>Eine kleine Fr\u00fchlingsweise (C.H.)<\/li>\n<li>Ein Freund, ein guter Freund (C.H.)<\/li>\n<li>Ein spanischer Tango (Vielharmoniker)<\/li>\n<li>Fr\u00e4ulein pardon (Vielharmoniker)<\/li>\n<li>Gib mir den letzten Abschiedskuss (C.H.)<\/li>\n<li>Guter Mond du gehst so stille (C.H.)<\/li>\n<li>Hey Schatz (Waschkraft\/D\u00fcsseldorf)<\/li>\n<li>Ich hab\u2019 das Fr\u00e4ul\u2019n Helen baden seh\u2019n (Willi Parten)<\/li>\n<li>Ich k\u00fcsse Ihre Hand Madam (Willi Parten)<\/li>\n<li>Ich wollt ich w\u00e4r ein Huhn (C.H.)<\/li>\n<li>In der Bar zum Krokodil (C.H.)<\/li>\n<li>Intro (wise guys)<\/li>\n<li>Ja italienisch klingt so wunderbar (Vielharmoniker)<\/li>\n<li>Jedermann, klein und gross; (Vielharmoniker)<\/li>\n<li>La Montanara (Original Trientiner Bergsteigerchor)<\/li>\n<li>Lebe wohl, gute Reise (C.H.)<\/li>\n<li>M\u00e4nner (H.Gr\u00f6nemeyer\/Blackfoess)<\/li>\n<li>Maskenball im G\u00e4nsestall (C.H.)<\/li>\n<li>Mein kleiner gr\u00fcner Kaktus (C.H.)<\/li>\n<li>Monday, Monday (Mamas &amp; Papas)<\/li>\n<li>My Lord, what a morning (Otto Groll)<\/li>\n<li>Nur f\u00fcr dich (Wise Guys)<\/li>\n<li>Oh Donna Clara (Willi Parten)<\/li>\n<li>Sch\u00f6ne Isabella von Castilien (C.H.)<\/li>\n<li>Veronika der Lenz ist da (C.H.)<\/li>\n<li>Was macht der Herr da bei Fr\u00e4ulein Gerda (Vielharmoniker)<\/li>\n<li>Wenn die Sonja russisch tanzt (C.H.)<\/li>\n<li>Wir sind von Kopf bis Fu\u00df auf Liebe eingestellt (Nikolaus Hehn)<\/li>\n<li>Wochenend und Sonnenschein (C.H.)<\/li>\n<\/ol>\n","protected":false},"excerpt":{"rendered":"<p>Unser aktuelles Repertoire: Ach, bitte la\u00df mich dein Badewasser schl\u00fcrfen (C.H.) Ach Fr\u00e4ulein w\u00fcrden Sie mit mir in meinem Wohnwagen wohnen wollen [&hellip;]<\/p>\n","protected":false},"author":1,"featured_media":0,"parent":0,"menu_order":0,"comment_status":"closed","ping_status":"closed","template":"","meta":[],"_links":{"self":[{"href":"http:\/\/www.acapiano.de\/ac\/index.php?rest_route=\/wp\/v2\/pages\/12"}],"collection":[{"href":"http:\/\/www.acapiano.de\/ac\/index.php?rest_route=\/wp\/v2\/pages"}],"about":[{"href":"http:\/\/www.acapiano.de\/ac\/index.php?rest_route=\/wp\/v2\/types\/page"}],"author":[{"embeddable":true,"href":"http:\/\/www.acapiano.de\/ac\/index.php?rest_route=\/wp\/v2\/users\/1"}],"replies":[{"embeddable":true,"href":"http:\/\/www.acapiano.de\/ac\/index.php?rest_route=%2Fwp%2Fv2%2Fcomments&post=12"}],"version-history":[{"count":5,"href":"http:\/\/www.acapiano.de\/ac\/index.php?rest_route=\/wp\/v2\/pages\/12\/revisions"}],"predecessor-version":[{"id":286,"href":"http:\/\/www.acapiano.de\/ac\/index.php?rest_route=\/wp\/v2\/pages\/12\/revisions\/286"}],"wp:attachment":[{"href":"http:\/\/www.acapiano.de\/ac\/index.php?rest_route=%2Fwp%2Fv2%2Fmedia&parent=12"}],"curies":[{"name":"wp","href":"https:\/\/api.w.org\/{rel}","templated":true}]}}